{"id":194,"date":"2024-05-25T06:47:23","date_gmt":"2024-05-25T06:47:23","guid":{"rendered":"https:\/\/sevenpro.cl\/?page_id=194"},"modified":"2025-04-09T14:11:18","modified_gmt":"2025-04-09T14:11:18","slug":"cotiza","status":"publish","type":"page","link":"https:\/\/sevenpro.cl\/index.php\/cotiza\/","title":{"rendered":"Cotiza"},"content":{"rendered":"\t\t<div data-elementor-type=\"wp-page\" data-elementor-id=\"194\" class=\"elementor elementor-194\" data-elementor-settings=\"{&quot;ha_cmc_init_switcher&quot;:&quot;no&quot;}\">\n\t\t\t\t\t\t<section class=\"elementor-section elementor-top-section elementor-element elementor-element-19b36b7 elementor-section-boxed elementor-section-height-default elementor-section-height-default\" data-id=\"19b36b7\" data-element_type=\"section\" data-e-type=\"section\" data-settings=\"{&quot;_ha_eqh_enable&quot;:false}\">\n\t\t\t\t\t\t<div class=\"elementor-container elementor-column-gap-no\">\n\t\t\t\t\t<div class=\"elementor-column elementor-col-100 elementor-top-column elementor-element elementor-element-c5f7067\" data-id=\"c5f7067\" data-element_type=\"column\" data-e-type=\"column\">\n\t\t\t<div class=\"elementor-widget-wrap elementor-element-populated\">\n\t\t\t\t\t\t<div class=\"elementor-element elementor-element-d8dafac elementor-widget__width-auto elementor-widget elementor-widget-image\" data-id=\"d8dafac\" data-element_type=\"widget\" data-e-type=\"widget\" data-widget_type=\"image.default\">\n\t\t\t\t<div class=\"elementor-widget-container\">\n\t\t\t\t\t\t\t\t\t\t\t\t\t\t\t<img fetchpriority=\"high\" decoding=\"async\" width=\"1300\" height=\"300\" src=\"https:\/\/sevenpro.cl\/wp-content\/uploads\/2024\/06\/81.png\" class=\"attachment-full size-full wp-image-342\" alt=\"\" srcset=\"https:\/\/sevenpro.cl\/wp-content\/uploads\/2024\/06\/81.png 1300w, https:\/\/sevenpro.cl\/wp-content\/uploads\/2024\/06\/81-300x69.png 300w, https:\/\/sevenpro.cl\/wp-content\/uploads\/2024\/06\/81-1024x236.png 1024w, https:\/\/sevenpro.cl\/wp-content\/uploads\/2024\/06\/81-768x177.png 768w\" sizes=\"(max-width: 1300px) 100vw, 1300px\" \/>\t\t\t\t\t\t\t\t\t\t\t\t\t\t\t<\/div>\n\t\t\t\t<\/div>\n\t\t\t\t\t<\/div>\n\t\t<\/div>\n\t\t\t\t\t<\/div>\n\t\t<\/section>\n\t\t\t\t<section class=\"elementor-section elementor-top-section elementor-element elementor-element-2ee3377 elementor-section-boxed elementor-section-height-default elementor-section-height-default\" data-id=\"2ee3377\" data-element_type=\"section\" data-e-type=\"section\" data-settings=\"{&quot;_ha_eqh_enable&quot;:false}\">\n\t\t\t\t\t\t<div class=\"elementor-container elementor-column-gap-default\">\n\t\t\t\t\t<div class=\"elementor-column elementor-col-100 elementor-top-column elementor-element elementor-element-4bbd14f\" data-id=\"4bbd14f\" data-element_type=\"column\" data-e-type=\"column\">\n\t\t\t<div class=\"elementor-widget-wrap elementor-element-populated\">\n\t\t\t\t\t\t<div class=\"elementor-element elementor-element-ac9397f elementor-widget elementor-widget-text-editor\" data-id=\"ac9397f\" data-element_type=\"widget\" data-e-type=\"widget\" data-widget_type=\"text-editor.default\">\n\t\t\t\t<div class=\"elementor-widget-container\">\n\t\t\t\t\t\t\t\t\t<p>\u00a1Celebra tus momentos especiales con nosotros en <strong>7Pro Events!<\/strong><\/p><p>Somos una productora dedicada a hacer realidad los eventos m\u00e1s memorables. Desde fiestas privadas hasta bodas inolvidables, en 7Pro nos comprometemos a brindarte un servicio excepcional y personalizado que se adapte a tus sue\u00f1os y necesidades.<\/p><p>\u00bfEst\u00e1s planeando un evento privado que desees que sea \u00fanico y lleno de estilo? \u00bfO quiz\u00e1s est\u00e1s a punto de dar el gran paso y quieres que tu boda sea perfecta en cada detalle? Sea cual sea tu ocasi\u00f3n, nuestro equipo de expertos est\u00e1 listo para hacer que tu visi\u00f3n se convierta en realidad.<\/p><p>\u00bfPor qu\u00e9 cotizar con nosotros? En 7Pro Eventos, cada evento es tratado con la m\u00e1xima atenci\u00f3n y cuidado. Nos especializamos en crear experiencias que cautiven y emocionen, asegur\u00e1ndonos de que cada momento sea inolvidable para ti y tus invitados.<\/p><p>No esperes m\u00e1s para empezar a planificar tu pr\u00f3ximo evento con nosotros. Cotiza ahora y descubre c\u00f3mo podemos hacer de tu celebraci\u00f3n un \u00e9xito absoluto. Cont\u00e1ctanos hoy mismo para una consulta gratuita y sin compromiso. Estamos aqu\u00ed para convertir tus ideas en eventos extraordinarios.<\/p><p>\u00a1Deja que 7Pro Events, sea parte de tu historia! Estamos emocionados de trabajar contigo y hacer de tu evento algo verdaderamente especial.<\/p><p><strong>\u00a1Esperamos poder crear juntos momentos que perduren para siempre!<\/strong><\/p>\t\t\t\t\t\t\t\t<\/div>\n\t\t\t\t<\/div>\n\t\t\t\t\t<\/div>\n\t\t<\/div>\n\t\t\t\t\t<\/div>\n\t\t<\/section>\n\t\t\t\t<section class=\"elementor-section elementor-top-section elementor-element elementor-element-6ba6811 elementor-section-boxed elementor-section-height-default elementor-section-height-default\" data-id=\"6ba6811\" data-element_type=\"section\" data-e-type=\"section\" data-settings=\"{&quot;_ha_eqh_enable&quot;:false}\">\n\t\t\t\t\t\t<div class=\"elementor-container elementor-column-gap-default\">\n\t\t\t\t\t<div class=\"elementor-column elementor-col-50 elementor-top-column elementor-element elementor-element-1916b33\" data-id=\"1916b33\" data-element_type=\"column\" data-e-type=\"column\">\n\t\t\t<div class=\"elementor-widget-wrap elementor-element-populated\">\n\t\t\t\t\t\t<div class=\"elementor-element elementor-element-d580e77 elementor-widget elementor-widget-image\" data-id=\"d580e77\" data-element_type=\"widget\" data-e-type=\"widget\" data-widget_type=\"image.default\">\n\t\t\t\t<div class=\"elementor-widget-container\">\n\t\t\t\t\t\t\t\t\t\t\t\t\t\t\t\t<a href=\"https:\/\/sevenpro.cl\/index.php\/cotizacion-particular\/\" target=\"_blank\">\n\t\t\t\t\t\t\t<img decoding=\"async\" width=\"1300\" height=\"300\" src=\"https:\/\/sevenpro.cl\/wp-content\/uploads\/2024\/06\/001.png\" class=\"attachment-full size-full wp-image-407\" alt=\"\" srcset=\"https:\/\/sevenpro.cl\/wp-content\/uploads\/2024\/06\/001.png 1300w, https:\/\/sevenpro.cl\/wp-content\/uploads\/2024\/06\/001-300x69.png 300w, https:\/\/sevenpro.cl\/wp-content\/uploads\/2024\/06\/001-1024x236.png 1024w, https:\/\/sevenpro.cl\/wp-content\/uploads\/2024\/06\/001-768x177.png 768w\" sizes=\"(max-width: 1300px) 100vw, 1300px\" \/>\t\t\t\t\t\t\t\t<\/a>\n\t\t\t\t\t\t\t\t\t\t\t\t\t\t\t<\/div>\n\t\t\t\t<\/div>\n\t\t\t\t\t<\/div>\n\t\t<\/div>\n\t\t\t\t<div class=\"elementor-column elementor-col-50 elementor-top-column elementor-element elementor-element-d6c7876\" data-id=\"d6c7876\" data-element_type=\"column\" data-e-type=\"column\">\n\t\t\t<div class=\"elementor-widget-wrap elementor-element-populated\">\n\t\t\t\t\t\t<div class=\"elementor-element elementor-element-70717be elementor-widget elementor-widget-image\" data-id=\"70717be\" data-element_type=\"widget\" data-e-type=\"widget\" data-widget_type=\"image.default\">\n\t\t\t\t<div class=\"elementor-widget-container\">\n\t\t\t\t\t\t\t\t\t\t\t\t\t\t\t\t<a href=\"https:\/\/sevenpro.cl\/index.php\/cotizacion-novios\/\" target=\"_blank\">\n\t\t\t\t\t\t\t<img decoding=\"async\" width=\"1300\" height=\"300\" src=\"https:\/\/sevenpro.cl\/wp-content\/uploads\/2024\/06\/matri01.png\" class=\"attachment-full size-full wp-image-408\" alt=\"\" srcset=\"https:\/\/sevenpro.cl\/wp-content\/uploads\/2024\/06\/matri01.png 1300w, https:\/\/sevenpro.cl\/wp-content\/uploads\/2024\/06\/matri01-300x69.png 300w, https:\/\/sevenpro.cl\/wp-content\/uploads\/2024\/06\/matri01-1024x236.png 1024w, https:\/\/sevenpro.cl\/wp-content\/uploads\/2024\/06\/matri01-768x177.png 768w\" sizes=\"(max-width: 1300px) 100vw, 1300px\" \/>\t\t\t\t\t\t\t\t<\/a>\n\t\t\t\t\t\t\t\t\t\t\t\t\t\t\t<\/div>\n\t\t\t\t<\/div>\n\t\t\t\t\t<\/div>\n\t\t<\/div>\n\t\t\t\t\t<\/div>\n\t\t<\/section>\n\t\t\t\t<section class=\"elementor-section elementor-top-section elementor-element elementor-element-44a7da1 elementor-section-boxed elementor-section-height-default elementor-section-height-default\" data-id=\"44a7da1\" data-element_type=\"section\" data-e-type=\"section\" data-settings=\"{&quot;_ha_eqh_enable&quot;:false}\">\n\t\t\t\t\t\t<div class=\"elementor-container elementor-column-gap-default\">\n\t\t\t\t\t<div class=\"elementor-column elementor-col-100 elementor-top-column elementor-element elementor-element-c332c4b\" data-id=\"c332c4b\" data-element_type=\"column\" data-e-type=\"column\">\n\t\t\t<div class=\"elementor-widget-wrap elementor-element-populated\">\n\t\t\t\t\t\t<div class=\"elementor-element elementor-element-5ebe4fb elementor-hidden-desktop elementor-widget elementor-widget-text-editor\" data-id=\"5ebe4fb\" data-element_type=\"widget\" data-e-type=\"widget\" data-widget_type=\"text-editor.default\">\n\t\t\t\t<div class=\"elementor-widget-container\">\n\t\t\t\t\t\t\t\t\t<p><a href=\"https:\/\/sevenpro.cl\/\">&nbsp;www.7pro.cl<\/a> <img loading=\"lazy\" decoding=\"async\" class=\"alignnone wp-image-458\" src=\"https:\/\/sevenpro.cl\/wp-content\/uploads\/2024\/06\/Web-300x292.png\" alt=\"\" width=\"23\" height=\"23\" srcset=\"https:\/\/sevenpro.cl\/wp-content\/uploads\/2024\/06\/Web-300x292.png 300w, https:\/\/sevenpro.cl\/wp-content\/uploads\/2024\/06\/Web-1024x996.png 1024w, https:\/\/sevenpro.cl\/wp-content\/uploads\/2024\/06\/Web-150x150.png 150w, https:\/\/sevenpro.cl\/wp-content\/uploads\/2024\/06\/Web-768x747.png 768w, https:\/\/sevenpro.cl\/wp-content\/uploads\/2024\/06\/Web-1536x1494.png 1536w, https:\/\/sevenpro.cl\/wp-content\/uploads\/2024\/06\/Web-2048x1991.png 2048w\" sizes=\"(max-width: 23px) 100vw, 23px\" \/> <span style=\"font-size: 16px;\"><a href=\"https:\/\/sevenpro.cl\/\">www.sevenpro.cl<\/a>&nbsp;<\/span><\/p><p><span style=\"font-size: 16px;\">&nbsp;&nbsp;<img loading=\"lazy\" decoding=\"async\" class=\"alignnone wp-image-456\" src=\"https:\/\/sevenpro.cl\/wp-content\/uploads\/2024\/06\/Whatsapp-300x300.png\" alt=\"\" width=\"18\" height=\"18\" srcset=\"https:\/\/sevenpro.cl\/wp-content\/uploads\/2024\/06\/Whatsapp-300x300.png 300w, https:\/\/sevenpro.cl\/wp-content\/uploads\/2024\/06\/Whatsapp-150x150.png 150w, https:\/\/sevenpro.cl\/wp-content\/uploads\/2024\/06\/Whatsapp.png 512w\" sizes=\"(max-width: 18px) 100vw, 18px\" \/> <a href=\"https:\/\/api.whatsapp.com\/send?phone=56952495509&amp;text=Hola!\">+56952495509<\/a>&nbsp; |&nbsp; &nbsp;<\/span><img loading=\"lazy\" decoding=\"async\" class=\"alignnone wp-image-454\" style=\"font-weight: inherit;\" src=\"https:\/\/sevenpro.cl\/wp-content\/uploads\/2024\/06\/Instagram-300x300.png\" alt=\"\" width=\"18\" height=\"18\" srcset=\"https:\/\/sevenpro.cl\/wp-content\/uploads\/2024\/06\/Instagram-300x300.png 300w, https:\/\/sevenpro.cl\/wp-content\/uploads\/2024\/06\/Instagram-150x150.png 150w, https:\/\/sevenpro.cl\/wp-content\/uploads\/2024\/06\/Instagram.png 512w\" sizes=\"(max-width: 18px) 100vw, 18px\" \/> &nbsp;<span style=\"font-size: 16px; text-wrap: nowrap;\"><a href=\"https:\/\/www.instagram.com\/7pro.chile\/\">7pro.chile<\/a>&nbsp;&nbsp;<\/span><\/p><p><span style=\"font-size: 16px; text-wrap: nowrap;\">&nbsp;&nbsp;<img loading=\"lazy\" decoding=\"async\" class=\"alignnone wp-image-455\" src=\"https:\/\/sevenpro.cl\/wp-content\/uploads\/2024\/06\/Facebook-300x300.png\" alt=\"\" width=\"18\" height=\"18\" srcset=\"https:\/\/sevenpro.cl\/wp-content\/uploads\/2024\/06\/Facebook-300x300.png 300w, https:\/\/sevenpro.cl\/wp-content\/uploads\/2024\/06\/Facebook-150x150.png 150w, https:\/\/sevenpro.cl\/wp-content\/uploads\/2024\/06\/Facebook.png 512w\" sizes=\"(max-width: 18px) 100vw, 18px\" \/> &nbsp;<a href=\"https:\/\/web.facebook.com\/profile.php?id=100066569799546\">Fanspage<\/a>&nbsp; &nbsp;|&nbsp; &nbsp;<img loading=\"lazy\" decoding=\"async\" class=\"alignnone wp-image-466\" src=\"https:\/\/sevenpro.cl\/wp-content\/uploads\/2024\/06\/1212-300x300.png\" alt=\"\" width=\"18\" height=\"18\" srcset=\"https:\/\/sevenpro.cl\/wp-content\/uploads\/2024\/06\/1212-300x300.png 300w, https:\/\/sevenpro.cl\/wp-content\/uploads\/2024\/06\/1212-150x150.png 150w, https:\/\/sevenpro.cl\/wp-content\/uploads\/2024\/06\/1212.png 512w\" sizes=\"(max-width: 18px) 100vw, 18px\" \/>&nbsp; <a href=\"https:\/\/www.matrimonios.cl\/musica-matrimonio\/sevenpro--e112757\">Matrimonios<\/a>.cl<\/span><\/p>\t\t\t\t\t\t\t\t<\/div>\n\t\t\t\t<\/div>\n\t\t\t\t<div class=\"elementor-element elementor-element-3d13774 elementor-hidden-tablet elementor-hidden-phone elementor-widget elementor-widget-text-editor\" data-id=\"3d13774\" data-element_type=\"widget\" data-e-type=\"widget\" data-widget_type=\"text-editor.default\">\n\t\t\t\t<div class=\"elementor-widget-container\">\n\t\t\t\t\t\t\t\t\t<p style=\"text-align: center;\"><a href=\"https:\/\/sevenpro.cl\/\">\u00a0www.7pro.cl<\/a> <img loading=\"lazy\" decoding=\"async\" class=\"alignnone wp-image-458\" src=\"https:\/\/sevenpro.cl\/wp-content\/uploads\/2024\/06\/Web-300x292.png\" alt=\"\" width=\"23\" height=\"23\" srcset=\"https:\/\/sevenpro.cl\/wp-content\/uploads\/2024\/06\/Web-300x292.png 300w, https:\/\/sevenpro.cl\/wp-content\/uploads\/2024\/06\/Web-1024x996.png 1024w, https:\/\/sevenpro.cl\/wp-content\/uploads\/2024\/06\/Web-150x150.png 150w, https:\/\/sevenpro.cl\/wp-content\/uploads\/2024\/06\/Web-768x747.png 768w, https:\/\/sevenpro.cl\/wp-content\/uploads\/2024\/06\/Web-1536x1494.png 1536w, https:\/\/sevenpro.cl\/wp-content\/uploads\/2024\/06\/Web-2048x1991.png 2048w\" sizes=\"(max-width: 23px) 100vw, 23px\" \/> <span style=\"font-size: 16px;\"><a href=\"https:\/\/sevenpro.cl\/\">www.sevenpro.cl<\/a> |\u00a0 <img loading=\"lazy\" decoding=\"async\" class=\"alignnone wp-image-456\" src=\"https:\/\/sevenpro.cl\/wp-content\/uploads\/2024\/06\/Whatsapp-300x300.png\" alt=\"\" width=\"18\" height=\"18\" srcset=\"https:\/\/sevenpro.cl\/wp-content\/uploads\/2024\/06\/Whatsapp-300x300.png 300w, https:\/\/sevenpro.cl\/wp-content\/uploads\/2024\/06\/Whatsapp-150x150.png 150w, https:\/\/sevenpro.cl\/wp-content\/uploads\/2024\/06\/Whatsapp.png 512w\" sizes=\"(max-width: 18px) 100vw, 18px\" \/> <a href=\"https:\/\/api.whatsapp.com\/send?phone=56952495509&amp;text=Hola!\">+56952495509<\/a>\u00a0 |\u00a0 \u00a0<\/span><img loading=\"lazy\" decoding=\"async\" class=\"alignnone wp-image-454\" style=\"font-weight: inherit;\" src=\"https:\/\/sevenpro.cl\/wp-content\/uploads\/2024\/06\/Instagram-300x300.png\" alt=\"\" width=\"18\" height=\"18\" srcset=\"https:\/\/sevenpro.cl\/wp-content\/uploads\/2024\/06\/Instagram-300x300.png 300w, https:\/\/sevenpro.cl\/wp-content\/uploads\/2024\/06\/Instagram-150x150.png 150w, https:\/\/sevenpro.cl\/wp-content\/uploads\/2024\/06\/Instagram.png 512w\" sizes=\"(max-width: 18px) 100vw, 18px\" \/> \u00a0<span style=\"font-size: 16px; text-wrap: nowrap;\"><a href=\"https:\/\/www.instagram.com\/7pro.chile\/\">7pro.chile<\/a>\u00a0 |\u00a0 <img loading=\"lazy\" decoding=\"async\" class=\"alignnone wp-image-455\" src=\"https:\/\/sevenpro.cl\/wp-content\/uploads\/2024\/06\/Facebook-300x300.png\" alt=\"\" width=\"18\" height=\"18\" srcset=\"https:\/\/sevenpro.cl\/wp-content\/uploads\/2024\/06\/Facebook-300x300.png 300w, https:\/\/sevenpro.cl\/wp-content\/uploads\/2024\/06\/Facebook-150x150.png 150w, https:\/\/sevenpro.cl\/wp-content\/uploads\/2024\/06\/Facebook.png 512w\" sizes=\"(max-width: 18px) 100vw, 18px\" \/> \u00a0<a href=\"https:\/\/web.facebook.com\/profile.php?id=100066569799546\">Fanspage<\/a>\u00a0 \u00a0|\u00a0 \u00a0<img loading=\"lazy\" decoding=\"async\" class=\"alignnone wp-image-466\" src=\"https:\/\/sevenpro.cl\/wp-content\/uploads\/2024\/06\/1212-300x300.png\" alt=\"\" width=\"18\" height=\"18\" srcset=\"https:\/\/sevenpro.cl\/wp-content\/uploads\/2024\/06\/1212-300x300.png 300w, https:\/\/sevenpro.cl\/wp-content\/uploads\/2024\/06\/1212-150x150.png 150w, https:\/\/sevenpro.cl\/wp-content\/uploads\/2024\/06\/1212.png 512w\" sizes=\"(max-width: 18px) 100vw, 18px\" \/>\u00a0 <a href=\"https:\/\/www.matrimonios.cl\/musica-matrimonio\/sevenpro--e112757\">Matrimonios<\/a>.cl<\/span><\/p>\t\t\t\t\t\t\t\t<\/div>\n\t\t\t\t<\/div>\n\t\t\t\t\t<\/div>\n\t\t<\/div>\n\t\t\t\t\t<\/div>\n\t\t<\/section>\n\t\t\t\t<\/div>\n\t\t","protected":false},"excerpt":{"rendered":"<p>\u00a1Celebra tus momentos especiales con nosotros en 7Pro Events! Somos una productora dedicada a hacer realidad los eventos m\u00e1s memorables. [&hellip;]<\/p>\n","protected":false},"author":1,"featured_media":0,"parent":0,"menu_order":0,"comment_status":"closed","ping_status":"closed","template":"","meta":{"site-sidebar-layout":"default","site-content-layout":"","ast-site-content-layout":"","site-content-style":"default","site-sidebar-style":"default","ast-global-header-display":"","ast-banner-title-visibility":"","ast-main-header-display":"","ast-hfb-above-header-display":"","ast-hfb-below-header-display":"","ast-hfb-mobile-header-display":"","site-post-title":"disabled","ast-breadcrumbs-content":"","ast-featured-img":"","footer-sml-layout":"","theme-transparent-header-meta":"","adv-header-id-meta":"","stick-header-meta":"","header-above-stick-meta":"","header-main-stick-meta":"","header-below-stick-meta":"","astra-migrate-meta-layouts":"default","ast-page-background-enabled":"default","ast-page-background-meta":{"desktop":{"background-color":"var(--ast-global-color-4)","background-image":"","background-repeat":"repeat","background-position":"center center","background-size":"auto","background-attachment":"scroll","background-type":"","background-media":"","overlay-type":"","overlay-color":"","overlay-opacity":"","overlay-gradient":""},"tablet":{"background-color":"","background-image":"","background-repeat":"repeat","background-position":"center center","background-size":"auto","background-attachment":"scroll","background-type":"","background-media":"","overlay-type":"","overlay-color":"","overlay-opacity":"","overlay-gradient":""},"mobile":{"background-color":"","background-image":"","background-repeat":"repeat","background-position":"center center","background-size":"auto","background-attachment":"scroll","background-type":"","background-media":"","overlay-type":"","overlay-color":"","overlay-opacity":"","overlay-gradient":""}},"ast-content-background-meta":{"desktop":{"background-color":"var(--ast-global-color-5)","background-image":"","background-repeat":"repeat","background-position":"center center","background-size":"auto","background-attachment":"scroll","background-type":"","background-media":"","overlay-type":"","overlay-color":"","overlay-opacity":"","overlay-gradient":""},"tablet":{"background-color":"var(--ast-global-color-5)","background-image":"","background-repeat":"repeat","background-position":"center center","background-size":"auto","background-attachment":"scroll","background-type":"","background-media":"","overlay-type":"","overlay-color":"","overlay-opacity":"","overlay-gradient":""},"mobile":{"background-color":"var(--ast-global-color-5)","background-image":"","background-repeat":"repeat","background-position":"center center","background-size":"auto","background-attachment":"scroll","background-type":"","background-media":"","overlay-type":"","overlay-color":"","overlay-opacity":"","overlay-gradient":""}},"footnotes":""},"class_list":["post-194","page","type-page","status-publish","hentry"],"_links":{"self":[{"href":"https:\/\/sevenpro.cl\/index.php\/wp-json\/wp\/v2\/pages\/194","targetHints":{"allow":["GET"]}}],"collection":[{"href":"https:\/\/sevenpro.cl\/index.php\/wp-json\/wp\/v2\/pages"}],"about":[{"href":"https:\/\/sevenpro.cl\/index.php\/wp-json\/wp\/v2\/types\/page"}],"author":[{"embeddable":true,"href":"https:\/\/sevenpro.cl\/index.php\/wp-json\/wp\/v2\/users\/1"}],"replies":[{"embeddable":true,"href":"https:\/\/sevenpro.cl\/index.php\/wp-json\/wp\/v2\/comments?post=194"}],"version-history":[{"count":66,"href":"https:\/\/sevenpro.cl\/index.php\/wp-json\/wp\/v2\/pages\/194\/revisions"}],"predecessor-version":[{"id":1370,"href":"https:\/\/sevenpro.cl\/index.php\/wp-json\/wp\/v2\/pages\/194\/revisions\/1370"}],"wp:attachment":[{"href":"https:\/\/sevenpro.cl\/index.php\/wp-json\/wp\/v2\/media?parent=194"}],"curies":[{"name":"wp","href":"https:\/\/api.w.org\/{rel}","templated":true}]}}